{"id":193,"date":"2026-02-24T16:05:39","date_gmt":"2026-02-24T16:05:39","guid":{"rendered":"https:\/\/www.curareildolore.org\/farmacia\/?post_type=product&#038;p=193"},"modified":"2026-02-27T09:32:54","modified_gmt":"2026-02-27T09:32:54","slug":"zyloprim","status":"publish","type":"product","link":"https:\/\/www.curareildolore.org\/farmacia\/zyloprim\/","title":{"rendered":"Zyloprim"},"content":{"rendered":"<p>Una dettagliata esplorazione dei modi in cui Zyloprim migliora la salute e promuove uno stato di benessere migliorato. <\/p>\n<h2>Come Funziona:<\/h2>\n<p>Una spiegazione approfondita dei meccanismi scientifici e delle vie attraverso le quali Zyloprim offre i suoi effetti benefici. <\/p>\n<h2>Dosaggio e Istruzioni per l&#8217;Uso:<\/h2>\n<p>Raccomandazioni precise ed esatte per l&#8217;uso, adattate alle esigenze dell&#8217;utente. <\/p>\n<h2>Protocolli di Sicurezza e Potenziali Reazioni Avverse:<\/h2>\n<p>Informazioni cruciali riguardanti gli effetti collaterali potenziali e le precauzioni necessarie per garantire un uso sicuro. <\/p>\n<h2>Conclusion:<\/h2>\n<p>Un riassunto completo che sottolinea l&#8217;indispensabilit\u00e0 per coloro che cercano i specifici benefici per la salute offerti da Zyloprim. <\/p>\n","protected":false},"excerpt":{"rendered":"<p>Zyloprim, noto anche come allopurinolo, \u00e8 un farmaco ampiamente utilizzato per il trattamento della gotta e dei calcoli renali. Questo medicinale \u00e8 disponibile commercialmente con il nome di Zyloprim e contiene allopurinolo come principio attivo. L&#8217;allopurinolo agisce riducendo la produzione di acido urico nel corpo, prevenendo cos\u00ec la formazione di cristalli di acido urico nei tessuti, nelle articolazioni e nei reni. Zyloprim \u00e8 efficace nel trattamento della gotta e dei calcoli renali causati dall&#8217;elevato livello di acido urico nel sangue. Questo farmaco agisce inibendo un enzima chiamato xantina ossidasi, che \u00e8 coinvolto nella produzione di acido urico nel corpo. \u00c8 importante notare che Zyloprim non \u00e8 un farmaco da automedicazione e dovrebbe essere utilizzato solo dietro prescrizione e sotto supervisione medica. Risultati positivi sono stati osservati quando Zyloprim \u00e8 stato utilizzato secondo le indicazioni del medico. <\/p>\n<h2>Prezzo di Zyloprim<\/h2>\n<p>Si pu\u00f2 prevedere un prezzo compreso tra 0.3\u20ac e 0.69\u20ac per Zyloprim per pillole. I prezzi variano in base alle dimensioni della confezione e alla quantit\u00e0 di principio attivo (60 o 360 mg).<\/p>\n","protected":false},"featured_media":223,"template":"","meta":{"site-sidebar-layout":"default","site-content-layout":"","ast-site-content-layout":"default","site-content-style":"default","site-sidebar-style":"default","ast-global-header-display":"","ast-banner-title-visibility":"","ast-main-header-display":"","ast-hfb-above-header-display":"","ast-hfb-below-header-display":"","ast-hfb-mobile-header-display":"","site-post-title":"","ast-breadcrumbs-content":"","ast-featured-img":"","footer-sml-layout":"","ast-disable-related-posts":"","theme-transparent-header-meta":"","adv-header-id-meta":"","stick-header-meta":"","header-above-stick-meta":"","header-main-stick-meta":"","header-below-stick-meta":"","astra-migrate-meta-layouts":"default","ast-page-background-enabled":"default","ast-page-background-meta":{"desktop":{"background-color":"var(--ast-global-color-4)","background-image":"","background-repeat":"repeat","background-position":"center center","background-size":"auto","background-attachment":"scroll","background-type":"","background-media":"","overlay-type":"","overlay-color":"","overlay-opacity":"","overlay-gradient":""},"tablet":{"background-color":"","background-image":"","background-repeat":"repeat","background-position":"center center","background-size":"auto","background-attachment":"scroll","background-type":"","background-media":"","overlay-type":"","overlay-color":"","overlay-opacity":"","overlay-gradient":""},"mobile":{"background-color":"","background-image":"","background-repeat":"repeat","background-position":"center center","background-size":"auto","background-attachment":"scroll","background-type":"","background-media":"","overlay-type":"","overlay-color":"","overlay-opacity":"","overlay-gradient":""}},"ast-content-background-meta":{"desktop":{"background-color":"var(--ast-global-color-5)","background-image":"","background-repeat":"repeat","background-position":"center center","background-size":"auto","background-attachment":"scroll","background-type":"","background-media":"","overlay-type":"","overlay-color":"","overlay-opacity":"","overlay-gradient":""},"tablet":{"background-color":"var(--ast-global-color-5)","background-image":"","background-repeat":"repeat","background-position":"center center","background-size":"auto","background-attachment":"scroll","background-type":"","background-media":"","overlay-type":"","overlay-color":"","overlay-opacity":"","overlay-gradient":""},"mobile":{"background-color":"var(--ast-global-color-5)","background-image":"","background-repeat":"repeat","background-position":"center center","background-size":"auto","background-attachment":"scroll","background-type":"","background-media":"","overlay-type":"","overlay-color":"","overlay-opacity":"","overlay-gradient":""}}},"product_brand":[],"product_cat":[117],"product_tag":[],"class_list":{"0":"post-193","1":"product","2":"type-product","3":"status-publish","4":"has-post-thumbnail","6":"product_cat-altro","7":"pa_principio-attivo-allopurinol","8":"desktop-align-left","9":"tablet-align-left","10":"mobile-align-left","12":"first","13":"instock","14":"shipping-taxable","15":"product-type-external"},"_links":{"self":[{"href":"https:\/\/www.curareildolore.org\/farmacia\/wp-json\/wp\/v2\/product\/193","targetHints":{"allow":["GET"]}}],"collection":[{"href":"https:\/\/www.curareildolore.org\/farmacia\/wp-json\/wp\/v2\/product"}],"about":[{"href":"https:\/\/www.curareildolore.org\/farmacia\/wp-json\/wp\/v2\/types\/product"}],"wp:featuredmedia":[{"embeddable":true,"href":"https:\/\/www.curareildolore.org\/farmacia\/wp-json\/wp\/v2\/media\/223"}],"wp:attachment":[{"href":"https:\/\/www.curareildolore.org\/farmacia\/wp-json\/wp\/v2\/media?parent=193"}],"wp:term":[{"taxonomy":"product_brand","embeddable":true,"href":"https:\/\/www.curareildolore.org\/farmacia\/wp-json\/wp\/v2\/product_brand?post=193"},{"taxonomy":"product_cat","embeddable":true,"href":"https:\/\/www.curareildolore.org\/farmacia\/wp-json\/wp\/v2\/product_cat?post=193"},{"taxonomy":"product_tag","embeddable":true,"href":"https:\/\/www.curareildolore.org\/farmacia\/wp-json\/wp\/v2\/product_tag?post=193"}],"curies":[{"name":"wp","href":"https:\/\/api.w.org\/{rel}","templated":true}]}}