{"id":279,"date":"2026-02-22T16:34:22","date_gmt":"2026-02-22T16:34:22","guid":{"rendered":"https:\/\/www.curareildolore.org\/farmacia\/?post_type=product&#038;p=279"},"modified":"2026-02-27T09:32:59","modified_gmt":"2026-02-27T09:32:59","slug":"pilex","status":"publish","type":"product","link":"https:\/\/www.curareildolore.org\/farmacia\/pilex\/","title":{"rendered":"Pilex"},"content":{"rendered":"<h2>Prestazioni:<\/h2>\n<p>Una panoramica completa dei modi in cui Pilex migliora il benessere e promuove uno stato di benessere ottimale.<\/p>\n<h2>Come funziona:<\/h2>\n<p>Una spiegazione dettagliata dei principi scientifici e dei meccanismi attraverso i quali Pilex esercita i suoi effetti benefici.<\/p>\n<h2>Dosaggio e istruzioni per l&#8217;uso:<\/h2>\n<p>Prise raccomandate precise e precise per l&#8217;uso, adattate alle esigenze dell&#8217;utente.<\/p>\n<h2>Sicurezza ed effetti collaterali:<\/h2>\n<p>Informazioni importanti sugli effetti collaterali potenziali e le precauzioni necessarie per garantirne un uso sicuro.<\/p>\n<h2>Pensieri finali:<\/h2>\n<p>Un riassunto completo che sottolinea l&#8217;indispensabilit\u00e0 per gli individui che cercano i suoi particolari benefici per la salute.<\/p>\n","protected":false},"excerpt":{"rendered":"<p>Pilex, noto anche come Pilexil, \u00e8 un farmaco utilizzato nel trattamento di diverse condizioni. Il suo principio attivo \u00e8 la diosmina, presente in forma di compresse. Pilex \u00e8 commercializzato come antinfiammatorio e venotonico ed \u00e8 indicato per il trattamento dell&#8217;emorroidi, delle vene varicose e del linfedema. Questo farmaco agisce migliorando il tono delle vene e riducendo l&#8217;infiammazione. Il suo utilizzo pu\u00f2 contribuire a ridurre il gonfiore e alleviare i sintomi associati a tali condizioni. <\/p>\n<h2>Prezzo di Pilex<\/h2>\n<p>Lo spettro dei prezzi di Pilex si estende da 29.95\u20ac a 49.92\u20ac per ogni bottiglie. I fattori chiave che influenzano il prezzo sono l&#8217;ampiezza della confezione e il grado di sostanze attive (1 o 10 caps).    <\/p>\n","protected":false},"featured_media":309,"template":"","meta":{"site-sidebar-layout":"default","site-content-layout":"","ast-site-content-layout":"default","site-content-style":"default","site-sidebar-style":"default","ast-global-header-display":"","ast-banner-title-visibility":"","ast-main-header-display":"","ast-hfb-above-header-display":"","ast-hfb-below-header-display":"","ast-hfb-mobile-header-display":"","site-post-title":"","ast-breadcrumbs-content":"","ast-featured-img":"","footer-sml-layout":"","ast-disable-related-posts":"","theme-transparent-header-meta":"","adv-header-id-meta":"","stick-header-meta":"","header-above-stick-meta":"","header-main-stick-meta":"","header-below-stick-meta":"","astra-migrate-meta-layouts":"default","ast-page-background-enabled":"default","ast-page-background-meta":{"desktop":{"background-color":"var(--ast-global-color-4)","background-image":"","background-repeat":"repeat","background-position":"center center","background-size":"auto","background-attachment":"scroll","background-type":"","background-media":"","overlay-type":"","overlay-color":"","overlay-opacity":"","overlay-gradient":""},"tablet":{"background-color":"","background-image":"","background-repeat":"repeat","background-position":"center center","background-size":"auto","background-attachment":"scroll","background-type":"","background-media":"","overlay-type":"","overlay-color":"","overlay-opacity":"","overlay-gradient":""},"mobile":{"background-color":"","background-image":"","background-repeat":"repeat","background-position":"center center","background-size":"auto","background-attachment":"scroll","background-type":"","background-media":"","overlay-type":"","overlay-color":"","overlay-opacity":"","overlay-gradient":""}},"ast-content-background-meta":{"desktop":{"background-color":"var(--ast-global-color-5)","background-image":"","background-repeat":"repeat","background-position":"center center","background-size":"auto","background-attachment":"scroll","background-type":"","background-media":"","overlay-type":"","overlay-color":"","overlay-opacity":"","overlay-gradient":""},"tablet":{"background-color":"var(--ast-global-color-5)","background-image":"","background-repeat":"repeat","background-position":"center center","background-size":"auto","background-attachment":"scroll","background-type":"","background-media":"","overlay-type":"","overlay-color":"","overlay-opacity":"","overlay-gradient":""},"mobile":{"background-color":"var(--ast-global-color-5)","background-image":"","background-repeat":"repeat","background-position":"center center","background-size":"auto","background-attachment":"scroll","background-type":"","background-media":"","overlay-type":"","overlay-color":"","overlay-opacity":"","overlay-gradient":""}}},"product_brand":[],"product_cat":[16],"product_tag":[],"class_list":{"0":"post-279","1":"product","2":"type-product","3":"status-publish","4":"has-post-thumbnail","6":"product_cat-salute-della-donna","7":"desktop-align-left","8":"tablet-align-left","9":"mobile-align-left","11":"first","12":"instock","13":"shipping-taxable","14":"product-type-external"},"_links":{"self":[{"href":"https:\/\/www.curareildolore.org\/farmacia\/wp-json\/wp\/v2\/product\/279","targetHints":{"allow":["GET"]}}],"collection":[{"href":"https:\/\/www.curareildolore.org\/farmacia\/wp-json\/wp\/v2\/product"}],"about":[{"href":"https:\/\/www.curareildolore.org\/farmacia\/wp-json\/wp\/v2\/types\/product"}],"wp:featuredmedia":[{"embeddable":true,"href":"https:\/\/www.curareildolore.org\/farmacia\/wp-json\/wp\/v2\/media\/309"}],"wp:attachment":[{"href":"https:\/\/www.curareildolore.org\/farmacia\/wp-json\/wp\/v2\/media?parent=279"}],"wp:term":[{"taxonomy":"product_brand","embeddable":true,"href":"https:\/\/www.curareildolore.org\/farmacia\/wp-json\/wp\/v2\/product_brand?post=279"},{"taxonomy":"product_cat","embeddable":true,"href":"https:\/\/www.curareildolore.org\/farmacia\/wp-json\/wp\/v2\/product_cat?post=279"},{"taxonomy":"product_tag","embeddable":true,"href":"https:\/\/www.curareildolore.org\/farmacia\/wp-json\/wp\/v2\/product_tag?post=279"}],"curies":[{"name":"wp","href":"https:\/\/api.w.org\/{rel}","templated":true}]}}