{"id":323,"date":"2026-02-19T13:18:17","date_gmt":"2026-02-19T13:18:17","guid":{"rendered":"https:\/\/www.curareildolore.org\/farmacia\/?post_type=product&#038;p=323"},"modified":"2026-02-27T09:33:08","modified_gmt":"2026-02-27T09:33:08","slug":"dutas","status":"publish","type":"product","link":"https:\/\/www.curareildolore.org\/farmacia\/dutas\/","title":{"rendered":"Dutas"},"content":{"rendered":"<p>Una <strong>esplorazione esaustiva<\/strong> dei modi in cui Dutas migliora la salute e promuove un migliorato stato di benessere.<\/p>\n<h2>Come Funziona<\/h2>\n<p>Una <strong>spiegazione dettagliata<\/strong> dei meccanismi scientifici attraverso i quali Dutas offre i suoi benefici.<\/p>\n<h2>Dosaggio e Somministrazione<\/h2>\n<p>Istruzioni <strong>chiare ed esatte<\/strong> per la somministrazione, adattate alle esigenze dell&#8217;utente.<\/p>\n<h2>Sicurezza ed Effetti Collaterali<\/h2>\n<p>Informazioni cruciali riguardanti gli <strong>effetti collaterali potenziali<\/strong> e le precauzioni essenziali per garantire un uso sicuro.<\/p>\n<h2>Pensieri Finali<\/h2>\n<p>Un <strong>riassunto coeso<\/strong> che sottolinea l&#8217;importanza per le persone che cercano i particolari benefici per la salute offerti da Dutas.<\/p>\n","protected":false},"excerpt":{"rendered":"<p>Dutas \u00e8 un farmaco utilizzato per trattare determinate condizioni. Il suo nome generico \u00e8 dutasteride, mentre il nome di marca \u00e8 Dutas. Questo farmaco \u00e8 prescritto per il trattamento dell&#8217;iperplasia prostatica benigna (IPB), una condizione caratterizzata dall&#8217;aumento della dimensione della prostata nelle persone di sesso maschile. \u00c8 anche utilizzato per trattare la perdita dei capelli maschile, nota come alopecia androgenetica. Dutas agisce riducendo la quantit\u00e0 di un ormone chiamato diidrotestosterone (DHT) nel corpo, che pu\u00f2 contribuire allo sviluppo dell&#8217;IPB e della perdita dei capelli.<\/p>\n<h2>Prezzo di Dutas<\/h2>\n<p>Il prezzo della Dutas \u00e8 approssimativamente di 1.68\u20ac &#8211; 2.24\u20ac per pillole. Dipende dalle dimensioni della confezione e dalla quantit\u00e0 di principio attivo (10 o 270 mg).<\/p>\n","protected":false},"featured_media":353,"template":"","meta":{"site-sidebar-layout":"default","site-content-layout":"","ast-site-content-layout":"default","site-content-style":"default","site-sidebar-style":"default","ast-global-header-display":"","ast-banner-title-visibility":"","ast-main-header-display":"","ast-hfb-above-header-display":"","ast-hfb-below-header-display":"","ast-hfb-mobile-header-display":"","site-post-title":"","ast-breadcrumbs-content":"","ast-featured-img":"","footer-sml-layout":"","ast-disable-related-posts":"","theme-transparent-header-meta":"","adv-header-id-meta":"","stick-header-meta":"","header-above-stick-meta":"","header-main-stick-meta":"","header-below-stick-meta":"","astra-migrate-meta-layouts":"default","ast-page-background-enabled":"default","ast-page-background-meta":{"desktop":{"background-color":"var(--ast-global-color-4)","background-image":"","background-repeat":"repeat","background-position":"center center","background-size":"auto","background-attachment":"scroll","background-type":"","background-media":"","overlay-type":"","overlay-color":"","overlay-opacity":"","overlay-gradient":""},"tablet":{"background-color":"","background-image":"","background-repeat":"repeat","background-position":"center center","background-size":"auto","background-attachment":"scroll","background-type":"","background-media":"","overlay-type":"","overlay-color":"","overlay-opacity":"","overlay-gradient":""},"mobile":{"background-color":"","background-image":"","background-repeat":"repeat","background-position":"center center","background-size":"auto","background-attachment":"scroll","background-type":"","background-media":"","overlay-type":"","overlay-color":"","overlay-opacity":"","overlay-gradient":""}},"ast-content-background-meta":{"desktop":{"background-color":"var(--ast-global-color-5)","background-image":"","background-repeat":"repeat","background-position":"center center","background-size":"auto","background-attachment":"scroll","background-type":"","background-media":"","overlay-type":"","overlay-color":"","overlay-opacity":"","overlay-gradient":""},"tablet":{"background-color":"var(--ast-global-color-5)","background-image":"","background-repeat":"repeat","background-position":"center center","background-size":"auto","background-attachment":"scroll","background-type":"","background-media":"","overlay-type":"","overlay-color":"","overlay-opacity":"","overlay-gradient":""},"mobile":{"background-color":"var(--ast-global-color-5)","background-image":"","background-repeat":"repeat","background-position":"center center","background-size":"auto","background-attachment":"scroll","background-type":"","background-media":"","overlay-type":"","overlay-color":"","overlay-opacity":"","overlay-gradient":""}}},"product_brand":[],"product_cat":[279],"product_tag":[],"class_list":{"0":"post-323","1":"product","2":"type-product","3":"status-publish","4":"has-post-thumbnail","6":"product_cat-salute-delluomo","7":"pa_principio-attivo-dutasteride","8":"desktop-align-left","9":"tablet-align-left","10":"mobile-align-left","12":"first","13":"instock","14":"shipping-taxable","15":"product-type-external"},"_links":{"self":[{"href":"https:\/\/www.curareildolore.org\/farmacia\/wp-json\/wp\/v2\/product\/323","targetHints":{"allow":["GET"]}}],"collection":[{"href":"https:\/\/www.curareildolore.org\/farmacia\/wp-json\/wp\/v2\/product"}],"about":[{"href":"https:\/\/www.curareildolore.org\/farmacia\/wp-json\/wp\/v2\/types\/product"}],"wp:featuredmedia":[{"embeddable":true,"href":"https:\/\/www.curareildolore.org\/farmacia\/wp-json\/wp\/v2\/media\/353"}],"wp:attachment":[{"href":"https:\/\/www.curareildolore.org\/farmacia\/wp-json\/wp\/v2\/media?parent=323"}],"wp:term":[{"taxonomy":"product_brand","embeddable":true,"href":"https:\/\/www.curareildolore.org\/farmacia\/wp-json\/wp\/v2\/product_brand?post=323"},{"taxonomy":"product_cat","embeddable":true,"href":"https:\/\/www.curareildolore.org\/farmacia\/wp-json\/wp\/v2\/product_cat?post=323"},{"taxonomy":"product_tag","embeddable":true,"href":"https:\/\/www.curareildolore.org\/farmacia\/wp-json\/wp\/v2\/product_tag?post=323"}],"curies":[{"name":"wp","href":"https:\/\/api.w.org\/{rel}","templated":true}]}}