{"id":640,"date":"2026-02-24T04:12:10","date_gmt":"2026-02-24T04:12:10","guid":{"rendered":"https:\/\/www.curareildolore.org\/farmacia\/?post_type=product&#038;p=640"},"modified":"2026-02-27T09:32:55","modified_gmt":"2026-02-27T09:32:55","slug":"chloromycetin","status":"publish","type":"product","link":"https:\/\/www.curareildolore.org\/farmacia\/chloromycetin\/","title":{"rendered":"Chloromycetin"},"content":{"rendered":"<h2>Scopri il potere di Cloromicetina<\/h2>\n<h2>Vantaggi terapeutici<\/h2>\n<p>Una completa esplorazione del modo in cui Chloromycetin migliora il benessere e contribuisce ad uno stato di salute migliore.<\/p>\n<h2>Mechanismo d&#8217;Azione<\/h2>\n<p>Una dettagliata spiegazione del funzionamento scientifico e dei meccanismi attraverso i quali Chloromycetin apporta i suoi benefici effetti.<\/p>\n<h2>Dosaggio e Istruzioni per l&#8217;Uso<\/h2>\n<p>Istruzioni precise e dettagliate per l&#8217;amministrazione, personalizzate in base alle esigenze dell&#8217;utente.<\/p>\n<h2>Sicurezza ed Effetti Collaterali<\/h2>\n<p>Informazioni cruciali riguardo ai potenziali effetti collaterali e precauzioni essenziali per garantire un uso sicuro del farmaco.<\/p>\n<h2>Conclusioni<\/h2>\n<p>Un riassunto coeso che sottolinea l&#8217;indispensabilit\u00e0 per gli individui che cercano i particolari benefici per la salute che Chloromycetin offre.<\/p>\n","protected":false},"excerpt":{"rendered":"<p>Chloromicetina \u00e8 noto anche come cloramfenicolo, comunemente utilizzato per trattare un&#8217;ampia variet\u00e0 di infezioni batteriche. Questo medicinale \u00e8 disponibile in forma di compresse o soluzione. \u00c8 prescritto per il trattamento di infezioni oculari, infezioni del tratto respiratorio, infezioni delle vie urinarie, infezioni della pelle e altre infezioni causate da batteri sensibili al cloramfenicolo. Questo antibiotico a largo spettro pu\u00f2 essere una scelta efficace per combattere le infezioni batteriche. <\/p>\n<h2>Prezzo di Chloromicetina<\/h2>\n<p>Si pu\u00f2 prevedere un prezzo compreso tra 0.34\u20ac e 1.07\u20ac per Chloromycetin per pillole. I prezzi variano in base alle dimensioni della confezione e alla quantit\u00e0 di principio attivo (30 o 360 mg).<\/p>\n","protected":false},"featured_media":670,"template":"","meta":{"site-sidebar-layout":"default","site-content-layout":"","ast-site-content-layout":"default","site-content-style":"default","site-sidebar-style":"default","ast-global-header-display":"","ast-banner-title-visibility":"","ast-main-header-display":"","ast-hfb-above-header-display":"","ast-hfb-below-header-display":"","ast-hfb-mobile-header-display":"","site-post-title":"","ast-breadcrumbs-content":"","ast-featured-img":"","footer-sml-layout":"","ast-disable-related-posts":"","theme-transparent-header-meta":"","adv-header-id-meta":"","stick-header-meta":"","header-above-stick-meta":"","header-main-stick-meta":"","header-below-stick-meta":"","astra-migrate-meta-layouts":"default","ast-page-background-enabled":"default","ast-page-background-meta":{"desktop":{"background-color":"var(--ast-global-color-4)","background-image":"","background-repeat":"repeat","background-position":"center center","background-size":"auto","background-attachment":"scroll","background-type":"","background-media":"","overlay-type":"","overlay-color":"","overlay-opacity":"","overlay-gradient":""},"tablet":{"background-color":"","background-image":"","background-repeat":"repeat","background-position":"center center","background-size":"auto","background-attachment":"scroll","background-type":"","background-media":"","overlay-type":"","overlay-color":"","overlay-opacity":"","overlay-gradient":""},"mobile":{"background-color":"","background-image":"","background-repeat":"repeat","background-position":"center center","background-size":"auto","background-attachment":"scroll","background-type":"","background-media":"","overlay-type":"","overlay-color":"","overlay-opacity":"","overlay-gradient":""}},"ast-content-background-meta":{"desktop":{"background-color":"var(--ast-global-color-5)","background-image":"","background-repeat":"repeat","background-position":"center center","background-size":"auto","background-attachment":"scroll","background-type":"","background-media":"","overlay-type":"","overlay-color":"","overlay-opacity":"","overlay-gradient":""},"tablet":{"background-color":"var(--ast-global-color-5)","background-image":"","background-repeat":"repeat","background-position":"center center","background-size":"auto","background-attachment":"scroll","background-type":"","background-media":"","overlay-type":"","overlay-color":"","overlay-opacity":"","overlay-gradient":""},"mobile":{"background-color":"var(--ast-global-color-5)","background-image":"","background-repeat":"repeat","background-position":"center center","background-size":"auto","background-attachment":"scroll","background-type":"","background-media":"","overlay-type":"","overlay-color":"","overlay-opacity":"","overlay-gradient":""}}},"product_brand":[],"product_cat":[492],"product_tag":[],"class_list":{"0":"post-640","1":"product","2":"type-product","3":"status-publish","4":"has-post-thumbnail","6":"product_cat-antibiotici","7":"pa_principio-attivo-chloramphenicol","8":"desktop-align-left","9":"tablet-align-left","10":"mobile-align-left","12":"first","13":"instock","14":"shipping-taxable","15":"product-type-external"},"_links":{"self":[{"href":"https:\/\/www.curareildolore.org\/farmacia\/wp-json\/wp\/v2\/product\/640","targetHints":{"allow":["GET"]}}],"collection":[{"href":"https:\/\/www.curareildolore.org\/farmacia\/wp-json\/wp\/v2\/product"}],"about":[{"href":"https:\/\/www.curareildolore.org\/farmacia\/wp-json\/wp\/v2\/types\/product"}],"wp:featuredmedia":[{"embeddable":true,"href":"https:\/\/www.curareildolore.org\/farmacia\/wp-json\/wp\/v2\/media\/670"}],"wp:attachment":[{"href":"https:\/\/www.curareildolore.org\/farmacia\/wp-json\/wp\/v2\/media?parent=640"}],"wp:term":[{"taxonomy":"product_brand","embeddable":true,"href":"https:\/\/www.curareildolore.org\/farmacia\/wp-json\/wp\/v2\/product_brand?post=640"},{"taxonomy":"product_cat","embeddable":true,"href":"https:\/\/www.curareildolore.org\/farmacia\/wp-json\/wp\/v2\/product_cat?post=640"},{"taxonomy":"product_tag","embeddable":true,"href":"https:\/\/www.curareildolore.org\/farmacia\/wp-json\/wp\/v2\/product_tag?post=640"}],"curies":[{"name":"wp","href":"https:\/\/api.w.org\/{rel}","templated":true}]}}