{"id":920,"date":"2026-02-19T02:20:21","date_gmt":"2026-02-19T02:20:21","guid":{"rendered":"https:\/\/www.curareildolore.org\/farmacia\/?post_type=product&#038;p=920"},"modified":"2026-02-27T09:33:09","modified_gmt":"2026-02-27T09:33:09","slug":"kamagra","status":"publish","type":"product","link":"https:\/\/www.curareildolore.org\/farmacia\/kamagra\/","title":{"rendered":"Kamagra"},"content":{"rendered":"<h2>Vantaggi:<\/h2>\n<p>Un&#8217;esplorazione completa dei modi in cui Kamagra migliora la salute e favorisce uno stato di benessere migliorato.<\/p>\n<h2>Come Funziona:<\/h2>\n<p>Una spiegazione dettagliata dei principi scientifici e dei meccanismi attraverso i quali Kamagra esercita i suoi benefici effetti.<\/p>\n<h2>Dosaggio e Amministrazione:<\/h2>\n<p>Raccomandazioni chiare e precise per l&#8217;amministrazione, personalizzate alle esigenze dell&#8217;utente.<\/p>\n<h2>Protocolli di Sicurezza e Potenziali Reazioni Avverse:<\/h2>\n<p>Informazioni importanti sui rischi e sulle precauzioni necessarie per garantire un uso sicuro.<\/p>\n<h2>Pensieri Finali:<\/h2>\n<p>Un riassunto coerente che mette in evidenza l&#8217;importanza per le persone che cercano i suoi specifici benefici per la salute.<\/p>\n","protected":false},"excerpt":{"rendered":"<p>Kamagra \u00e8 un medicinale che viene utilizzato per il trattamento della disfunzione erettile negli uomini. Il nome generico del farmaco \u00e8 citrato di sildenafil. Kamagra \u00e8 indicato per gli uomini che hanno difficolt\u00e0 a raggiungere o mantenere un&#8217;erezione durante l&#8217;attivit\u00e0 sessuale.<\/p>\n<h2>Prezzo di Kamagra<\/h2>\n<p>Lo spettro dei prezzi di Kamagra si estende da 0.87\u20ac a 2.06\u20ac per ogni pillole. I fattori chiave che influenzano il prezzo sono l&#8217;ampiezza della confezione e il grado di sostanze attive (30 o 270 mg).<\/p>\n","protected":false},"featured_media":948,"template":"","meta":{"site-sidebar-layout":"default","site-content-layout":"","ast-site-content-layout":"default","site-content-style":"default","site-sidebar-style":"default","ast-global-header-display":"","ast-banner-title-visibility":"","ast-main-header-display":"","ast-hfb-above-header-display":"","ast-hfb-below-header-display":"","ast-hfb-mobile-header-display":"","site-post-title":"","ast-breadcrumbs-content":"","ast-featured-img":"","footer-sml-layout":"","ast-disable-related-posts":"","theme-transparent-header-meta":"","adv-header-id-meta":"","stick-header-meta":"","header-above-stick-meta":"","header-main-stick-meta":"","header-below-stick-meta":"","astra-migrate-meta-layouts":"default","ast-page-background-enabled":"default","ast-page-background-meta":{"desktop":{"background-color":"var(--ast-global-color-4)","background-image":"","background-repeat":"repeat","background-position":"center center","background-size":"auto","background-attachment":"scroll","background-type":"","background-media":"","overlay-type":"","overlay-color":"","overlay-opacity":"","overlay-gradient":""},"tablet":{"background-color":"","background-image":"","background-repeat":"repeat","background-position":"center center","background-size":"auto","background-attachment":"scroll","background-type":"","background-media":"","overlay-type":"","overlay-color":"","overlay-opacity":"","overlay-gradient":""},"mobile":{"background-color":"","background-image":"","background-repeat":"repeat","background-position":"center center","background-size":"auto","background-attachment":"scroll","background-type":"","background-media":"","overlay-type":"","overlay-color":"","overlay-opacity":"","overlay-gradient":""}},"ast-content-background-meta":{"desktop":{"background-color":"var(--ast-global-color-5)","background-image":"","background-repeat":"repeat","background-position":"center center","background-size":"auto","background-attachment":"scroll","background-type":"","background-media":"","overlay-type":"","overlay-color":"","overlay-opacity":"","overlay-gradient":""},"tablet":{"background-color":"var(--ast-global-color-5)","background-image":"","background-repeat":"repeat","background-position":"center center","background-size":"auto","background-attachment":"scroll","background-type":"","background-media":"","overlay-type":"","overlay-color":"","overlay-opacity":"","overlay-gradient":""},"mobile":{"background-color":"var(--ast-global-color-5)","background-image":"","background-repeat":"repeat","background-position":"center center","background-size":"auto","background-attachment":"scroll","background-type":"","background-media":"","overlay-type":"","overlay-color":"","overlay-opacity":"","overlay-gradient":""}}},"product_brand":[],"product_cat":[606],"product_tag":[],"class_list":{"0":"post-920","1":"product","2":"type-product","3":"status-publish","4":"has-post-thumbnail","6":"product_cat-disfunzione-erettile","7":"pa_principio-attivo-sildenafil","8":"desktop-align-left","9":"tablet-align-left","10":"mobile-align-left","12":"first","13":"instock","14":"shipping-taxable","15":"product-type-external"},"_links":{"self":[{"href":"https:\/\/www.curareildolore.org\/farmacia\/wp-json\/wp\/v2\/product\/920","targetHints":{"allow":["GET"]}}],"collection":[{"href":"https:\/\/www.curareildolore.org\/farmacia\/wp-json\/wp\/v2\/product"}],"about":[{"href":"https:\/\/www.curareildolore.org\/farmacia\/wp-json\/wp\/v2\/types\/product"}],"wp:featuredmedia":[{"embeddable":true,"href":"https:\/\/www.curareildolore.org\/farmacia\/wp-json\/wp\/v2\/media\/948"}],"wp:attachment":[{"href":"https:\/\/www.curareildolore.org\/farmacia\/wp-json\/wp\/v2\/media?parent=920"}],"wp:term":[{"taxonomy":"product_brand","embeddable":true,"href":"https:\/\/www.curareildolore.org\/farmacia\/wp-json\/wp\/v2\/product_brand?post=920"},{"taxonomy":"product_cat","embeddable":true,"href":"https:\/\/www.curareildolore.org\/farmacia\/wp-json\/wp\/v2\/product_cat?post=920"},{"taxonomy":"product_tag","embeddable":true,"href":"https:\/\/www.curareildolore.org\/farmacia\/wp-json\/wp\/v2\/product_tag?post=920"}],"curies":[{"name":"wp","href":"https:\/\/api.w.org\/{rel}","templated":true}]}}